{"id":2,"date":"2025-10-20T14:03:56","date_gmt":"2025-10-20T12:03:56","guid":{"rendered":"https:\/\/foryou.com.pl\/?page_id=2"},"modified":"2026-02-13T10:35:06","modified_gmt":"2026-02-13T09:35:06","slug":"przykladowa-strona","status":"publish","type":"page","link":"https:\/\/foryou.com.pl\/","title":{"rendered":""},"content":{"rendered":"\n<p><\/p>\n\n\n\n<h2 class=\"wp-block-heading has-large-font-size\">Witaj!<\/h2>\n\n\n\n<p><strong>Boxy prezentowe ForYou<\/strong> to idealny pomys\u0142 na upominek na ka\u017cd\u0105 okazj\u0119 \u2013 <strong>na urodziny, \u015bwi\u0119ta, rocznice, Dzie\u0144 Matki, Dzie\u0144 Ojca, Dzie\u0144 Babci, Dzie\u0144 Dziadka, Dzie\u0144 Kobiet, Walentynki<\/strong> czy jako <strong>prezent dla bliskich, przyjaci\u00f3\u0142 lub wsp\u00f3\u0142pracownik\u00f3w<\/strong>. Ka\u017cdy zestaw przygotowujemy z pasj\u0105 <br>i dba\u0142o\u015bci\u0105 o najmniejszy detal, aby wywo\u0142a\u0107 u\u015bmiech i sprawi\u0107, \u017ce obdarowana osoba poczuje si\u0119 naprawd\u0119 wyj\u0105tkowo.<\/p>\n\n\n\n<p>W naszej ofercie znajdziesz <strong>gotowe boxy prezentowe pe\u0142ne pysznych s\u0142odyczy<\/strong>, ale r\u00f3wnie\u017c mo\u017cliwo\u015b\u0107 <strong>stworzenia w\u0142asnego zestawu<\/strong> \u2013 mo\u017cesz wybra\u0107 ulubione s\u0142odycze, doda\u0107 <strong>dedykacj\u0119, imi\u0119 lub wyj\u0105tkow\u0105 wiadomo\u015b\u0107<\/strong>, dzi\u0119ki czemu Tw\u00f3j prezent stanie si\u0119 niepowtarzalny i w pe\u0142ni dopasowany do okazji.<\/p>\n\n\n\n<p>Je\u015bli lubisz tworzy\u0107 w\u0142asne upominki, w <strong>ForYou<\/strong> mo\u017cesz tak\u017ce <strong>kupi\u0107 same pude\u0142ka prezentowe<\/strong>: eleganckie, solidne i estetyczne boxy, kt\u00f3re idealnie sprawdz\u0105 si\u0119 do samodzielnego komponowania prezent\u00f3w.<\/p>\n\n\n\n<p>Nasze <strong>s\u0142odyczowe boxy prezentowe<\/strong> to po\u0142\u0105czenie <strong>estetyki, smaku i emocji<\/strong>. Ma\u0142e dzie\u0142a stworzone <br>z sercem, kt\u00f3re ciesz\u0105, zaskakuj\u0105 i pozostaj\u0105 w pami\u0119ci na d\u0142ugo.<\/p>\n\n\n\n<figure class=\"wp-block-image size-large\"><img fetchpriority=\"high\" decoding=\"async\" width=\"1024\" height=\"768\" src=\"https:\/\/foryou.com.pl\/wp-content\/uploads\/2025\/10\/571834777_122096972013092551_688589530776006494_n-1024x768.jpg\" alt=\"\" class=\"wp-image-121\" srcset=\"https:\/\/foryou.com.pl\/wp-content\/uploads\/2025\/10\/571834777_122096972013092551_688589530776006494_n-1024x768.jpg 1024w, https:\/\/foryou.com.pl\/wp-content\/uploads\/2025\/10\/571834777_122096972013092551_688589530776006494_n-300x225.jpg 300w, https:\/\/foryou.com.pl\/wp-content\/uploads\/2025\/10\/571834777_122096972013092551_688589530776006494_n-768x576.jpg 768w, https:\/\/foryou.com.pl\/wp-content\/uploads\/2025\/10\/571834777_122096972013092551_688589530776006494_n-1536x1152.jpg 1536w, https:\/\/foryou.com.pl\/wp-content\/uploads\/2025\/10\/571834777_122096972013092551_688589530776006494_n-600x450.jpg 600w, https:\/\/foryou.com.pl\/wp-content\/uploads\/2025\/10\/571834777_122096972013092551_688589530776006494_n.jpg 2048w\" sizes=\"(max-width: 1024px) 100vw, 1024px\" \/><\/figure>\n\n\n\n<div class=\"wp-block-group is-content-justification-center is-nowrap is-layout-flex wp-container-core-group-is-layout-23441af8 wp-block-group-is-layout-flex\">\n<blockquote class=\"wp-block-quote has-text-align-left is-layout-flow wp-block-quote-is-layout-flow\">\n<p><em>Najpi\u0119kniejsze prezenty to te dane z my\u015bl\u0105 o kim\u015b wyj\u0105tkowym. <\/em><\/p>\n<\/blockquote>\n\n\n\n<p><\/p>\n\n\n\n<hr class=\"wp-block-separator has-alpha-channel-opacity is-style-wide\"\/>\n<\/div>\n\n\n\n<p class=\"has-text-align-center\"><\/p>\n\n\n<p style=\"text-align: center\">\n\n\n<p>Aktualno\u015bci:<\/p>\n\n\n<\/p>\n<p style=\"text-align: center\">\n\n\n<hr class=\"wp-block-separator has-alpha-channel-opacity\"\/>\n\n\n\n<p>19.01.26 &#8211; Prace nad now\u0105 szat\u0105 graficzn\u0105.<\/p>\n\n\n\n<p>20.12.25 &#8211; Pierwsi zadowoleni klienci \ud83d\ude42<\/p>\n\n\n\n<p>05.12.25 &#8211; Dodano nowy produkt.<\/p>\n\n\n\n<p>03.11.25 \u2013 Start sklepu \u2013 stopniowo, etapami b\u0119d\u0105 dodawane nowe produkty.<\/p>\n\n\n\n<p>16.11.25 &#8211; Dodano 2 nowe produkty.<\/p>\n\n\n<\/p>\n<p style=\"text-align: center\">\n\n\n<hr class=\"wp-block-separator has-alpha-channel-opacity\"\/>\n\n\n\n<p><\/p>\n","protected":false},"excerpt":{"rendered":"<p>Witaj! Boxy prezentowe ForYou to idealny pomys\u0142 na upominek na ka\u017cd\u0105 okazj\u0119 \u2013 na urodziny, \u015bwi\u0119ta, rocznice, Dzie\u0144 Matki, Dzie\u0144 Ojca, Dzie\u0144 Babci, Dzie\u0144 Dziadka, Dzie\u0144 Kobiet, Walentynki czy jako prezent dla bliskich, przyjaci\u00f3\u0142 lub wsp\u00f3\u0142pracownik\u00f3w. Ka\u017cdy zestaw przygotowujemy z pasj\u0105 i dba\u0142o\u015bci\u0105 o najmniejszy detal, aby wywo\u0142a\u0107 u\u015bmiech i sprawi\u0107, \u017ce obdarowana osoba poczuje [&hellip;]<\/p>\n","protected":false},"author":1,"featured_media":0,"parent":0,"menu_order":0,"comment_status":"closed","ping_status":"open","template":"","meta":{"footnotes":""},"class_list":["post-2","page","type-page","status-publish","hentry"],"jetpack_sharing_enabled":true,"_links":{"self":[{"href":"https:\/\/foryou.com.pl\/index.php?rest_route=\/wp\/v2\/pages\/2","targetHints":{"allow":["GET"]}}],"collection":[{"href":"https:\/\/foryou.com.pl\/index.php?rest_route=\/wp\/v2\/pages"}],"about":[{"href":"https:\/\/foryou.com.pl\/index.php?rest_route=\/wp\/v2\/types\/page"}],"author":[{"embeddable":true,"href":"https:\/\/foryou.com.pl\/index.php?rest_route=\/wp\/v2\/users\/1"}],"replies":[{"embeddable":true,"href":"https:\/\/foryou.com.pl\/index.php?rest_route=%2Fwp%2Fv2%2Fcomments&post=2"}],"version-history":[{"count":36,"href":"https:\/\/foryou.com.pl\/index.php?rest_route=\/wp\/v2\/pages\/2\/revisions"}],"predecessor-version":[{"id":421,"href":"https:\/\/foryou.com.pl\/index.php?rest_route=\/wp\/v2\/pages\/2\/revisions\/421"}],"wp:attachment":[{"href":"https:\/\/foryou.com.pl\/index.php?rest_route=%2Fwp%2Fv2%2Fmedia&parent=2"}],"curies":[{"name":"wp","href":"https:\/\/api.w.org\/{rel}","templated":true}]}}